{"id":66179,"date":"2022-08-03T18:34:56","date_gmt":"2022-08-03T16:34:56","guid":{"rendered":"http:\/\/www.techno-bra.com\/?post_type=product&#038;p=66179"},"modified":"2022-08-03T18:34:56","modified_gmt":"2022-08-03T16:34:56","slug":"jedel-m66-souris-de-jeu-filaire-usb-led","status":"publish","type":"product","link":"https:\/\/www.techno-bra.com\/?product=jedel-m66-souris-de-jeu-filaire-usb-led","title":{"rendered":"JEDEL M66 Souris De Jeu Filaire USB LED"},"content":{"rendered":"<p>Souris Gaming JEDEL M66 DPI:\u00a01000\u00a0avec Connexion: USB Boutons -Roulette Bidirectionnelle Longueur de cable: 1.35M R\u00e9tro\u00e9clairage 7 couleurs (RGB)<\/p>\n<p>Pour vous mesurer \u00e0 vos adversaires les plus coriaces, la souris M66 de Jedel sera un alli\u00e9 de poids. A la fois simple et efficace, ce mod\u00e8le s\u2019adapte \u00e0 la plupart des jeux et offre dans tous les cas d\u2019excellentes performances gr\u00e2ce \u00e0 ces huit boutons r\u00e9actifs et son capteur optique 1000 dpi.<\/p>\n<p>Cet accessoire poss\u00e8de la particularit\u00e9 d\u2019un mode filaire.<\/p>\n<p>Vous pouvez b\u00e9n\u00e9ficier d\u2019un c\u00e2ble USB tress\u00e9 de 1.35 m\u00e8tres.<\/p>\n<p>Confortable et agr\u00e9able \u00e0 utiliser, cette souris est solidement construite avec des mat\u00e9riaux durables.<\/p>\n<p>la classent parmi les mod\u00e8les standards, mais elle est un peu plus fine que la moyenne.<\/p>\n<p>La prise en main convient donc g\u00e9n\u00e9ralement au plus grand nombre, d\u2019autant plus qu\u2019il y a un renforcement au niveau du pouce.<\/p>\n<p>Si vous cherchez une souris gamer polyvalente, au design et \u00e0 la prise en main impeccables, le tout \u00e0 un prix standard, la Jedel M66 est une valeur s\u00fbre. Ses nombreuses fonctionnalit\u00e9s devraient satisfaire tous les profils de gamers.<\/p>\n<p>Visez alors le succ\u00e8s lors de chaque partie et surpassez vos adversaires dans les meilleures conditions<\/p>\n","protected":false},"excerpt":{"rendered":"<p>Souris Gaming JEDEL M66 DPI:\u00a01000\u00a0avec Connexion: USB Boutons -Roulette Bidirectionnelle Longueur de cable: 1.35M R\u00e9tro\u00e9clairage 7 couleurs (RGB) Pour vous mesurer \u00e0 vos adversaires les plus coriaces, la souris M66<\/p>\n","protected":false},"featured_media":66181,"template":"","meta":[],"product_brand":[],"product_cat":[238],"product_tag":[707,612],"class_list":{"0":"post-66179","1":"product","2":"type-product","3":"status-publish","4":"has-post-thumbnail","6":"product_cat-souris","7":"product_tag-gamer-souris","8":"product_tag-souris","10":"first","11":"instock","12":"sale","13":"shipping-taxable","14":"purchasable","15":"product-type-simple"},"aioseo_notices":[],"_links":{"self":[{"href":"https:\/\/www.techno-bra.com\/index.php?rest_route=\/wp\/v2\/product\/66179","targetHints":{"allow":["GET"]}}],"collection":[{"href":"https:\/\/www.techno-bra.com\/index.php?rest_route=\/wp\/v2\/product"}],"about":[{"href":"https:\/\/www.techno-bra.com\/index.php?rest_route=\/wp\/v2\/types\/product"}],"wp:featuredmedia":[{"embeddable":true,"href":"https:\/\/www.techno-bra.com\/index.php?rest_route=\/wp\/v2\/media\/66181"}],"wp:attachment":[{"href":"https:\/\/www.techno-bra.com\/index.php?rest_route=%2Fwp%2Fv2%2Fmedia&parent=66179"}],"wp:term":[{"taxonomy":"product_brand","embeddable":true,"href":"https:\/\/www.techno-bra.com\/index.php?rest_route=%2Fwp%2Fv2%2Fproduct_brand&post=66179"},{"taxonomy":"product_cat","embeddable":true,"href":"https:\/\/www.techno-bra.com\/index.php?rest_route=%2Fwp%2Fv2%2Fproduct_cat&post=66179"},{"taxonomy":"product_tag","embeddable":true,"href":"https:\/\/www.techno-bra.com\/index.php?rest_route=%2Fwp%2Fv2%2Fproduct_tag&post=66179"}],"curies":[{"name":"wp","href":"https:\/\/api.w.org\/{rel}","templated":true}]}}