{"id":65902,"date":"2022-08-02T16:34:26","date_gmt":"2022-08-02T14:34:26","guid":{"rendered":"http:\/\/www.techno-bra.com\/?post_type=product&#038;p=65902"},"modified":"2022-08-02T18:31:58","modified_gmt":"2022-08-02T16:31:58","slug":"hikvision-pack-systeme-de-surveillance-de-dvr-et-4-cameras-2mp-bloc-4-fiche","status":"publish","type":"product","link":"https:\/\/www.techno-bra.com\/?product=hikvision-pack-systeme-de-surveillance-de-dvr-et-4-cameras-2mp-bloc-4-fiche","title":{"rendered":"Hikvision Pack Syst\u00e8me de Surveillance de DVR et 4 Cam\u00e9ras 2MP + Bloc 4 + Fiche"},"content":{"rendered":"<article class=\"col8 -pvs\">\n<div class=\"card-b -fh\">\n<h2 class=\"hdr -upp -fs14 -m -pam\"><span style=\"font-size: 12pt\">PRINCIPALES CARACT\u00c9RISTIQUES<\/span><\/h2>\n<div class=\"markup -pam\">\n<ul>\n<li><span style=\"font-size: 12pt\">Un enregistreur DVR 4 PORT DAHUA<\/span><\/li>\n<li><span style=\"font-size: 12pt\">2 Cam\u00e9ras Ext\u00e9rieur 2MP HIKVISION<\/span><\/li>\n<li><span style=\"font-size: 12pt\">2 Cam\u00e9ras Int\u00e9rieure 2MP HIKVISION<\/span><\/li>\n<li><span style=\"font-size: 12pt\">Bloc 4 port<\/span><\/li>\n<li><span style=\"font-size: 12pt\">fiche BNC et 12V<\/span><\/li>\n<li><span style=\"font-size: 12pt\">Solutions professionnelle<\/span><\/li>\n<li><span style=\"font-size: 12pt\">Fiabilit\u00e9 et Control<\/span><\/li>\n<li><span style=\"font-size: 12pt\">Marque de renomm\u00e9e<\/span><\/li>\n<li><span style=\"font-size: 12pt\">Facilit\u00e9 d&#8217;utilisation<\/span><\/li>\n<\/ul>\n<\/div>\n<\/div>\n<\/article>\n<article class=\"col8 -pvs\">\n<div class=\"card-b -fh\">\n<h2 class=\"hdr -upp -fs14 -m -pam\"><span style=\"font-size: 12pt\">VENDU AVEC LE PRODUIT<\/span><\/h2>\n<div class=\"markup -pam\">\n<ul>\n<li><span style=\"font-size: 12pt\">Un enregistreur DVR 4 DAHUA<\/span><\/li>\n<li><span style=\"font-size: 12pt\">2 Cam\u00e9ras Ext\u00e9rieur 2MP HIKVISION<\/span><\/li>\n<li><span style=\"font-size: 12pt\">2 Cam\u00e9ras Int\u00e9rieure 2MP HIKVISION<\/span><\/li>\n<li><span style=\"font-size: 12pt\">Bloc 4 port<\/span><\/li>\n<li><span style=\"font-size: 12pt\">Accessoires BNC + 12V<\/span><\/li>\n<\/ul>\n<\/div>\n<\/div>\n<\/article>\n","protected":false},"excerpt":{"rendered":"<p>PRINCIPALES CARACT\u00c9RISTIQUES Un enregistreur DVR 4 PORT DAHUA 2 Cam\u00e9ras Ext\u00e9rieur 2MP HIKVISION 2 Cam\u00e9ras Int\u00e9rieure 2MP HIKVISION Bloc 4 port fiche BNC et 12V Solutions professionnelle Fiabilit\u00e9 et Control<\/p>\n","protected":false},"featured_media":65903,"template":"","meta":[],"product_brand":[],"product_cat":[44],"product_tag":[345,337,637,638],"class_list":{"0":"post-65902","1":"product","2":"type-product","3":"status-publish","4":"has-post-thumbnail","6":"product_cat-videosurveillance","7":"product_tag-dahua","8":"product_tag-hikvision","9":"product_tag-pack","10":"product_tag-pack-camera","12":"first","13":"instock","14":"sale","15":"shipping-taxable","16":"purchasable","17":"product-type-simple"},"aioseo_notices":[],"_links":{"self":[{"href":"https:\/\/www.techno-bra.com\/index.php?rest_route=\/wp\/v2\/product\/65902","targetHints":{"allow":["GET"]}}],"collection":[{"href":"https:\/\/www.techno-bra.com\/index.php?rest_route=\/wp\/v2\/product"}],"about":[{"href":"https:\/\/www.techno-bra.com\/index.php?rest_route=\/wp\/v2\/types\/product"}],"wp:featuredmedia":[{"embeddable":true,"href":"https:\/\/www.techno-bra.com\/index.php?rest_route=\/wp\/v2\/media\/65903"}],"wp:attachment":[{"href":"https:\/\/www.techno-bra.com\/index.php?rest_route=%2Fwp%2Fv2%2Fmedia&parent=65902"}],"wp:term":[{"taxonomy":"product_brand","embeddable":true,"href":"https:\/\/www.techno-bra.com\/index.php?rest_route=%2Fwp%2Fv2%2Fproduct_brand&post=65902"},{"taxonomy":"product_cat","embeddable":true,"href":"https:\/\/www.techno-bra.com\/index.php?rest_route=%2Fwp%2Fv2%2Fproduct_cat&post=65902"},{"taxonomy":"product_tag","embeddable":true,"href":"https:\/\/www.techno-bra.com\/index.php?rest_route=%2Fwp%2Fv2%2Fproduct_tag&post=65902"}],"curies":[{"name":"wp","href":"https:\/\/api.w.org\/{rel}","templated":true}]}}