{"id":65808,"date":"2022-08-02T11:47:55","date_gmt":"2022-08-02T09:47:55","guid":{"rendered":"http:\/\/www.techno-bra.com\/?post_type=product&#038;p=65808"},"modified":"2022-08-02T11:47:56","modified_gmt":"2022-08-02T09:47:56","slug":"zk-teco-lecteur-code-a-barre-sans-fil","status":"publish","type":"product","link":"https:\/\/www.techno-bra.com\/?product=zk-teco-lecteur-code-a-barre-sans-fil","title":{"rendered":"ZK Teco Lecteur code a barre sans fil"},"content":{"rendered":"<h2 class=\"hdr -upp -fs14 -m -pam\"><span style=\"font-size: 12pt\">PRINCIPALES CARACT\u00c9RISTIQUES<\/span><\/h2>\n<div class=\"markup -pam\">\n<ul>\n<li><span style=\"font-size: 12pt\">Scanner main libre \u2013 sans fil<\/span><\/li>\n<li><span style=\"font-size: 12pt\">300 Time\/s \u2013 Avec capteur automatique, avec support<\/span><\/li>\n<li><span style=\"font-size: 12pt\">Num\u00e9ro de mod\u00e8le ZKTECO<\/span><\/li>\n<li><span style=\"font-size: 12pt\">Source de lumi\u00e8re Diode laser visible 650nm<\/span><\/li>\n<li><span style=\"font-size: 12pt\">scan Pattern num\u00e9risation simple<\/span><\/li>\n<li><span style=\"font-size: 12pt\">Taux de d\u00e9codage 300 fois \/ seconde<\/span><\/li>\n<li><span style=\"font-size: 12pt\">Pr\u00e9cision de num\u00e9risation 4 mil<\/span><\/li>\n<li><span style=\"font-size: 12pt\">Largeur de num\u00e9risation Fen\u00eatre 30mm @ scan, 220mm @ 200mm<\/span><\/li>\n<li><span style=\"font-size: 12pt\">Profondeur de scan 0-330mm (0.33mm pcs0.9)<\/span><\/li>\n<li><span style=\"font-size: 12pt\">Angle d\u2019\u00e9l\u00e9vation 65<\/span><\/li>\n<li><span style=\"font-size: 12pt\">Angle de d\u00e9viation 55<\/span><\/li>\n<li><span style=\"font-size: 12pt\">Interface de support PS-2(KB); RS-232; USB-HID; USB-Virtual COM<\/span><\/li>\n<li><span style=\"font-size: 12pt\">Contraste d\u2019impression 20% UPC \/ EAN 100%<\/span><\/li>\n<li><span style=\"font-size: 12pt\">Mention Pattern Buzzer, indicateur<\/span><\/li>\n<li><span style=\"font-size: 12pt\">Taille L \u00d7 W \u00d7 H:175mm \u00d7 73mm \u00d7 102mm<\/span><\/li>\n<li><span style=\"font-size: 12pt\">Poids 246g<\/span><\/li>\n<li><span style=\"font-size: 12pt\">Mat\u00e9riel ABS+PC<\/span><\/li>\n<li><span style=\"font-size: 12pt\">Tension 5VDC<\/span><\/li>\n<li><span style=\"font-size: 12pt\">Courant d\u2019exploitation 85mA<\/span><\/li>\n<li><span style=\"font-size: 12pt\">Courant statique 30mA<\/span><\/li>\n<li><span style=\"font-size: 12pt\">EMC CE &amp; FCC DOC compliance<\/span><\/li>\n<li><span style=\"font-size: 12pt\">Temp\u00e9rature d\u2019utilisation \u2013 0\u00b0C to 50\u00b0C<\/span><\/li>\n<li><span style=\"font-size: 12pt\">Temp\u00e9rature de stockage \u2013 40\u00b0C to 70\u00b0C<\/span><\/li>\n<li><span style=\"font-size: 12pt\">Humidit\u00e9 5% \u00e0 85% d\u2019humidit\u00e9 relative sans condensation<\/span><\/li>\n<\/ul>\n<\/div>\n","protected":false},"excerpt":{"rendered":"<p>PRINCIPALES CARACT\u00c9RISTIQUES Scanner main libre \u2013 sans fil 300 Time\/s \u2013 Avec capteur automatique, avec support Num\u00e9ro de mod\u00e8le ZKTECO Source de lumi\u00e8re Diode laser visible 650nm scan Pattern num\u00e9risation<\/p>\n","protected":false},"featured_media":65809,"template":"","meta":[],"product_brand":[],"product_cat":[56],"product_tag":[596,597],"class_list":{"0":"post-65808","1":"product","2":"type-product","3":"status-publish","4":"has-post-thumbnail","6":"product_cat-informatique","7":"product_tag-code-barre-reader","8":"product_tag-lecteur-de-code-barre","10":"first","11":"instock","12":"sale","13":"shipping-taxable","14":"purchasable","15":"product-type-simple"},"aioseo_notices":[],"_links":{"self":[{"href":"https:\/\/www.techno-bra.com\/index.php?rest_route=\/wp\/v2\/product\/65808","targetHints":{"allow":["GET"]}}],"collection":[{"href":"https:\/\/www.techno-bra.com\/index.php?rest_route=\/wp\/v2\/product"}],"about":[{"href":"https:\/\/www.techno-bra.com\/index.php?rest_route=\/wp\/v2\/types\/product"}],"wp:featuredmedia":[{"embeddable":true,"href":"https:\/\/www.techno-bra.com\/index.php?rest_route=\/wp\/v2\/media\/65809"}],"wp:attachment":[{"href":"https:\/\/www.techno-bra.com\/index.php?rest_route=%2Fwp%2Fv2%2Fmedia&parent=65808"}],"wp:term":[{"taxonomy":"product_brand","embeddable":true,"href":"https:\/\/www.techno-bra.com\/index.php?rest_route=%2Fwp%2Fv2%2Fproduct_brand&post=65808"},{"taxonomy":"product_cat","embeddable":true,"href":"https:\/\/www.techno-bra.com\/index.php?rest_route=%2Fwp%2Fv2%2Fproduct_cat&post=65808"},{"taxonomy":"product_tag","embeddable":true,"href":"https:\/\/www.techno-bra.com\/index.php?rest_route=%2Fwp%2Fv2%2Fproduct_tag&post=65808"}],"curies":[{"name":"wp","href":"https:\/\/api.w.org\/{rel}","templated":true}]}}