{"id":65740,"date":"2022-08-02T10:29:06","date_gmt":"2022-08-02T08:29:06","guid":{"rendered":"http:\/\/www.techno-bra.com\/?post_type=product&#038;p=65740"},"modified":"2022-08-02T19:40:14","modified_gmt":"2022-08-02T17:40:14","slug":"grandstream-pack-telephonique-grandstream-ucm-6202","status":"publish","type":"product","link":"https:\/\/www.techno-bra.com\/?product=grandstream-pack-telephonique-grandstream-ucm-6202","title":{"rendered":"Grandstream Pack T\u00e9l\u00e9phonique Grandstream UCM 6202"},"content":{"rendered":"<p>Ports FXO pour ligne PSTN\u00a0<i>2 ports<\/i><br \/>\nInterfaces r\u00e9seau\u00a0<i>Deux ports Gigabit RJ45 avec PoE Plus (IEEE 802.3at-2009) int\u00e9gr\u00e9s<\/i><br \/>\nRouteur NAT\u00a0<i>Oui (prend en charge les modes routeur et commutation)<\/i><br \/>\nPorts p\u00e9riph\u00e9riques\u00a0<i>USB, SD<\/i><br \/>\nT\u00e9moins DEL\u00a0<i>Sous tension\/ pr\u00eat, r\u00e9seau, ligne PSTN, USB, SD<\/i><br \/>\n\u00c9cran LCD \u00c9cran\u00a0<i>LCD graphique 128&#215;32 avec boutons BAS et OK<\/i><br \/>\nCommutateur de r\u00e9initialisation\u00a0<i>Oui<\/i><br \/>\nFonctions de voix sur paquets\u00a0<i>Unit\u00e9s de protocole vocal LEC avec NLP r\u00e9parties en paquets, annulation d\u2019\u00e9cho de ligne de classe op\u00e9rateur 128ms, tampon de gigue dynamique, d\u00e9tection de modem et auto commutation vers G.711<\/i><br \/>\nCodecs voix et fax\u00a0<i>G.711 A-law\/U-law, G.722, G.723.1 5.3K\/6.3K, G.726, G.729A\/B, iLBC, GSM, AAL2-G.726-32, ADPCM; T.38<\/i><br \/>\nCodecs vid\u00e9o\u00a0<i>H.264, H.263, H263+<\/i><br \/>\nQoS QoS\u00a0<i>niveau 3, QoS niveau 2<\/i><br \/>\nM\u00e9thodes DTMF\u00a0<i>En audio, RFC2833, et INFO SIP<\/i><br \/>\nProtocole de configuration et plug and play\u00a0<i>Auto d\u00e9tection et auto configuration TFTP\/HTTP\/HTTPS des points d\u2019acc\u00e8s de Grandstream via Z\u00e9ro configuration (INSCRIPTION SIP mDNS multidiffusion DHCP, option 66), liste des \u00e9v\u00e9nements entre comptes interurbains locaux et longue distance<\/i><br \/>\nProtocoles r\u00e9seau\u00a0<i>TCP\/UDP\/IP, RTP\/RTCP, ICMP, ARP, DNS, DDNS, DHCP, NTP, TFTP, SSH, HTTP\/HTTPS, PPPoE, SIP (RFC3261), STUN, SRTP, TLS, LADP<\/i><br \/>\nM\u00e9thodes de d\u00e9connexion\u00a0<i>Tonalit\u00e9 de progression d\u2019appel, inversion de polarit\u00e9, r\u00e9glage de la dur\u00e9e du crochet commutateur, d\u00e9connexion de courant en boucle, tonalit\u00e9 d\u2019occupation<\/i><br \/>\nCryptage multim\u00e9dia\u00a0<i>SRTP, TLS, HTTPS, SSH<\/i><br \/>\nAlimentation universelle Sortie:\u00a0<i>12 VCC, 1,5 A; Entr\u00e9e: 100 ~ 240 VCC, 50 ~ 60 Hz<\/i><br \/>\nDimensions\u00a0<i>440mm L x 185mm W x 44mm H<\/i><br \/>\nPoids Poids de l\u2019unit\u00e9\u00a0<i>2,23 kg, poids de l\u2019ensemble emball\u00e9 3,09 kg<\/i><br \/>\nCaract\u00e9ristiques d\u2019environnement Exploitation :\u00a0<i>32 ~ 104 \u00baF\/0 ~ 40 \u00baC, 10 ~ 90 % (sans condensation) ; Stockage : 14 ~ 140 \u00baF\/-10 ~ 60 \u00baC<\/i><br \/>\nMontage\u00a0<i>sur support et sur bureau<\/i><br \/>\nPrise en charge multilingue UI Web:\u00a0<i>en,cn,es,fr,pt,de,ru,it,pl,cs<\/i><br \/>\nr\u00e9ponses interactives et invitations vocales person-nalisables pour\u00a0<i>en,cn,de,es,gr,fr,it,nl,pl,pt,ru,sv,tr,he,ar<\/i><br \/>\ntrousse de langues personnalisable pour permettre la prise en charge de n\u2019importe quelle autre langue<br \/>\nIdentification de l\u2019appelant\u00a0<i>Bellcore\/Telcordia, ETSI-FSK, ETSI-DTMF, SIN 227 &#8211; BT<\/i><\/p>\n","protected":false},"excerpt":{"rendered":"<p>Ports FXO pour ligne PSTN\u00a02 ports Interfaces r\u00e9seau\u00a0Deux ports Gigabit RJ45 avec PoE Plus (IEEE 802.3at-2009) int\u00e9gr\u00e9s Routeur NAT\u00a0Oui (prend en charge les modes routeur et commutation) Ports p\u00e9riph\u00e9riques\u00a0USB, SD<\/p>\n","protected":false},"featured_media":65742,"template":"","meta":[],"product_brand":[],"product_cat":[56],"product_tag":[556],"class_list":{"0":"post-65740","1":"product","2":"type-product","3":"status-publish","4":"has-post-thumbnail","6":"product_cat-informatique","7":"product_tag-grandstream-pack-telephonique-grandstream-ucm-6202","9":"first","10":"instock","11":"sale","12":"shipping-taxable","13":"purchasable","14":"product-type-simple"},"aioseo_notices":[],"_links":{"self":[{"href":"https:\/\/www.techno-bra.com\/index.php?rest_route=\/wp\/v2\/product\/65740","targetHints":{"allow":["GET"]}}],"collection":[{"href":"https:\/\/www.techno-bra.com\/index.php?rest_route=\/wp\/v2\/product"}],"about":[{"href":"https:\/\/www.techno-bra.com\/index.php?rest_route=\/wp\/v2\/types\/product"}],"wp:featuredmedia":[{"embeddable":true,"href":"https:\/\/www.techno-bra.com\/index.php?rest_route=\/wp\/v2\/media\/65742"}],"wp:attachment":[{"href":"https:\/\/www.techno-bra.com\/index.php?rest_route=%2Fwp%2Fv2%2Fmedia&parent=65740"}],"wp:term":[{"taxonomy":"product_brand","embeddable":true,"href":"https:\/\/www.techno-bra.com\/index.php?rest_route=%2Fwp%2Fv2%2Fproduct_brand&post=65740"},{"taxonomy":"product_cat","embeddable":true,"href":"https:\/\/www.techno-bra.com\/index.php?rest_route=%2Fwp%2Fv2%2Fproduct_cat&post=65740"},{"taxonomy":"product_tag","embeddable":true,"href":"https:\/\/www.techno-bra.com\/index.php?rest_route=%2Fwp%2Fv2%2Fproduct_tag&post=65740"}],"curies":[{"name":"wp","href":"https:\/\/api.w.org\/{rel}","templated":true}]}}