{"id":5607,"date":"2019-09-02T16:49:40","date_gmt":"2019-09-02T14:49:40","guid":{"rendered":"http:\/\/www.techno-bra.com\/?post_type=product&#038;p=5607"},"modified":"2019-09-07T13:46:17","modified_gmt":"2019-09-07T11:46:17","slug":"toshiba-cle-usb-u202-16gb-flash-usb-transmemory","status":"publish","type":"product","link":"https:\/\/www.techno-bra.com\/?product=toshiba-cle-usb-u202-16gb-flash-usb-transmemory","title":{"rendered":"Toshiba Cl\u00e9 USB U202 16Gb flash USB TransMemory"},"content":{"rendered":"<ul>\n<li>Couleur: Blanc<\/li>\n<li>Capacit\u00e9 : 16GB<\/li>\n<li>mod\u00e8le : U202<\/li>\n<li>Synchronisation de fichiers entre le PC et la cl\u00e9 USB<\/li>\n<\/ul>\n","protected":false},"excerpt":{"rendered":"<p>Couleur: Blanc Capacit\u00e9 : 16GB mod\u00e8le : U202 Synchronisation de fichiers entre le PC et la cl\u00e9 USB<\/p>\n","protected":false},"featured_media":5608,"template":"","meta":[],"product_brand":[],"product_cat":[348,56],"product_tag":[516,515,513],"class_list":{"0":"post-5607","1":"product","2":"type-product","3":"status-publish","4":"has-post-thumbnail","6":"product_cat-gadget","7":"product_cat-informatique","8":"product_tag-16gb","9":"product_tag-cle-usb-toshiba","10":"product_tag-usb","12":"first","13":"instock","14":"sale","15":"shipping-taxable","16":"purchasable","17":"product-type-simple"},"aioseo_notices":[],"_links":{"self":[{"href":"https:\/\/www.techno-bra.com\/index.php?rest_route=\/wp\/v2\/product\/5607","targetHints":{"allow":["GET"]}}],"collection":[{"href":"https:\/\/www.techno-bra.com\/index.php?rest_route=\/wp\/v2\/product"}],"about":[{"href":"https:\/\/www.techno-bra.com\/index.php?rest_route=\/wp\/v2\/types\/product"}],"wp:featuredmedia":[{"embeddable":true,"href":"https:\/\/www.techno-bra.com\/index.php?rest_route=\/wp\/v2\/media\/5608"}],"wp:attachment":[{"href":"https:\/\/www.techno-bra.com\/index.php?rest_route=%2Fwp%2Fv2%2Fmedia&parent=5607"}],"wp:term":[{"taxonomy":"product_brand","embeddable":true,"href":"https:\/\/www.techno-bra.com\/index.php?rest_route=%2Fwp%2Fv2%2Fproduct_brand&post=5607"},{"taxonomy":"product_cat","embeddable":true,"href":"https:\/\/www.techno-bra.com\/index.php?rest_route=%2Fwp%2Fv2%2Fproduct_cat&post=5607"},{"taxonomy":"product_tag","embeddable":true,"href":"https:\/\/www.techno-bra.com\/index.php?rest_route=%2Fwp%2Fv2%2Fproduct_tag&post=5607"}],"curies":[{"name":"wp","href":"https:\/\/api.w.org\/{rel}","templated":true}]}}