{"id":2183,"date":"2016-02-28T08:28:22","date_gmt":"2016-02-28T08:28:22","guid":{"rendered":"https:\/\/demo2.chethemes.com\/electro\/?page_id=2183"},"modified":"2018-12-05T12:08:29","modified_gmt":"2018-12-05T11:08:29","slug":"terms-and-conditions","status":"publish","type":"page","link":"https:\/\/www.techno-bra.com\/?page_id=2183","title":{"rendered":"Conditions G\u00e9n\u00e9rales De Vente"},"content":{"rendered":"<p>[vc_row][vc_column][rev_slider_vc alias=&#8221;main-slider3&#8243;][\/vc_column][\/vc_row][vc_row][vc_column][vc_column_text css_animation=&#8221;fadeInLeftBig&#8221;]<\/p>\n<h1 style=\"text-align: center;\"><span style=\"text-decoration: underline;\"><span style=\"color: #ff0000;\"><em>Conditions g\u00e9n\u00e9rales de vente<\/em><\/span><\/span><\/h1>\n<p style=\"text-align: justify;\">Les pr\u00e9sentes conditions g\u00e9n\u00e9rales de vente r\u00e9gissent l\u2019ensemble des relations entre le client et le site d\u2019e-commerce <span style=\"color: #0000ff;\"><strong>TECHNOBRA<\/strong><\/span>, Toute commande pass\u00e9e sur ce site suppose du client son acceptation inconditionnelle et irr\u00e9vocable de ces conditions.<br \/>\nCes conditions sont susceptibles d\u2019\u00eatre modifi\u00e9es, cependant chaque utilisateur n\u2019est concern\u00e9 que par les conditions en vigueur lors de sa commande.<br \/>\nLa validation d\u2019une commande constitue une signature \u00e9lectronique de la part de l\u2019utilisateur par laquelle il s\u2019engage \u00e0 respecter l\u2019ensemble des conditions g\u00e9n\u00e9rales de vente.<br \/>\nLe pr\u00e9sent contrat est un contrat \u00e0 distance qui a pour objet de d\u00e9finir les droits et obligations des parties dans le cadre de la vente des produits de la soci\u00e9t\u00e9 <span style=\"color: #0000ff;\"><strong>TECHNOBRA<\/strong><\/span> sur internet.<\/p>\n<p>[\/vc_column_text][\/vc_column][\/vc_row][vc_row][vc_column][vc_column_text css_animation=&#8221;fadeInLeftBig&#8221;]<\/p>\n<h1 style=\"text-align: center;\"><span style=\"text-decoration: underline;\"><span style=\"color: #ff0000; text-decoration: underline;\">Prix<\/span><\/span><\/h1>\n<p style=\"text-align: justify;\">Les prix affich\u00e9s sur <span style=\"color: #0000ff;\"><strong>TECHNO-BRA.COM<\/strong><\/span> sont en Dirham Marocain et Toutes Taxes Comprises (TTC). Cependant, ils ne comprennent pas le prix de la livraison.<br \/>\nLe prix total \u00e0 payer est affich\u00e9 de mani\u00e8re claire pendant la phase finale du processus d\u2019achat, l\u2019utilisateur ne valide donc sa commande qu\u2019apr\u00e8s avoir pris connaissance du montant total \u00e0 verser.<br \/>\nLes tarifs en vigueur sont ceux affich\u00e9s sur <span style=\"color: #0000ff;\"><strong>TECHNO-BRA.COM<\/strong><\/span> au moment de la commande, le client n\u2019est donc concern\u00e9 par aucune promotion, offre ou r\u00e9duction ant\u00e9rieure ou ult\u00e9rieure \u00e0 son achat.<\/p>\n<p>[\/vc_column_text][\/vc_column][\/vc_row][vc_row][vc_column][vc_column_text css_animation=&#8221;fadeInLeftBig&#8221;]<\/p>\n<h1 style=\"text-align: center;\"><span style=\"text-decoration: underline;\"><span style=\"color: #ff0000; text-decoration: underline;\">Disponibilit\u00e9<\/span><\/span><\/h1>\n<p style=\"text-align: justify;\">Les offres de produits propos\u00e9es sur <span style=\"color: #0000ff;\"><strong>TECHNO-BRA.COM<\/strong><\/span> ne sont valables que dans la limite du stock disponible.<br \/>\nSi l\u2019un des produits command\u00e9s n\u2019est pas disponible, le client recevra un e-mail l\u2019informant soit du changement du d\u00e9lai de livraison, ou de l\u2019annulation de la commande et par cons\u00e9quent de son remboursement.<br \/>\nIl est \u00e0 signaler que l\u2019indisponibilit\u00e9 d\u2019un produit n\u2019engage en aucun cas <span style=\"color: #0000ff;\"><strong>TECHNOBRA<\/strong><\/span> \u00e0 payer des frais de d\u00e9dommagement au client, ce dernier ne recevra que le remboursement de la somme qu\u2019il aura pay\u00e9e.<\/p>\n<p>[\/vc_column_text][\/vc_column][\/vc_row][vc_row][vc_column][vc_column_text css_animation=&#8221;fadeInLeftBig&#8221;]<\/p>\n<h1 style=\"text-align: center;\"><span style=\"text-decoration: underline; color: #ff0000;\">Livraison<\/span><\/h1>\n<p style=\"text-align: justify;\"><span style=\"color: #0000ff;\"><strong>TECHNOBRA<\/strong><\/span> assure la livraison \u00e0 ses clients \u00e0 l\u2019adresse indiqu\u00e9e lors de leur commande. Le d\u00e9lai de cette livraison est fonction de la disponibilit\u00e9 des produits,<br \/>\nLe d\u00e9lai de livraison est calcul\u00e9 en jours ouvr\u00e9s, cependant il reste indicatif et ne saurait donner lieu \u00e0 des r\u00e9clamations de la part du client si le retard \u00e0 partir de la date de livraison<\/p>\n<p>[\/vc_column_text][\/vc_column][\/vc_row][vc_row][vc_column][vc_column_text css_animation=&#8221;fadeInLeftBig&#8221;]<\/p>\n<h1 style=\"text-align: center;\"><span style=\"text-decoration: underline;\"><span style=\"color: #ff0000; text-decoration: underline;\">Protection des donn\u00e9es personnelles<\/span><\/span><\/h1>\n<p style=\"text-align: justify;\">Le client est tenu de fournir des informations sinc\u00e8res et exactes lors de son inscription. Toute fausse information entra\u00eene une annulation de la commande.<br \/>\nLes donn\u00e9es personnelles des clients sont utilis\u00e9es dans la plus stricte confidentialit\u00e9 lors du traitement de la commande. Seuls les employ\u00e9s de <span style=\"color: #0000ff;\"><strong>TECHNOBRA<\/strong><\/span> y ont acc\u00e8s.<br \/>\nLes informations recueillies sur le site <span style=\"color: #0000ff;\"><strong>TECHNO-BRA.COM<\/strong><\/span> font l\u2019objet d\u2019un traitement destin\u00e9 \u00e0 la livraison des produits aux clients.<br \/>\nLes destinataires des donn\u00e9es sont : la soci\u00e9t\u00e9 <span style=\"color: #0000ff;\"><strong>TECHNOBRA<\/strong><\/span> qui g\u00e8re le site <span style=\"color: #0000ff;\"><strong>TECHNO-BRA.COM<\/strong>.<\/span><br \/>\nLe formulaire de contact mis \u00e0 la disposition de nos clients dans la rubrique &#8220;contactez-nous&#8221; a pour objet de r\u00e9pondre aux demandes d&#8217;informations de nos clients actuels ou potentiels avec pour objectif final de faciliter l&#8217;op\u00e9ration de vente en ligne. Les donn\u00e9es recueillies par le biais de ce formulaire ne sont nullement destin\u00e9es \u00e0 la prospection commerciale.<\/p>\n<p>[\/vc_column_text][\/vc_column][\/vc_row]<\/p>\n","protected":false},"excerpt":{"rendered":"<p>[vc_row][vc_column][rev_slider_vc alias=&#8221;main-slider3&#8243;][\/vc_column][\/vc_row][vc_row][vc_column][vc_column_text css_animation=&#8221;fadeInLeftBig&#8221;] Conditions g\u00e9n\u00e9rales de vente Les pr\u00e9sentes conditions g\u00e9n\u00e9rales de vente r\u00e9gissent l\u2019ensemble des relations entre le client et le site d\u2019e-commerce TECHNOBRA, Toute commande pass\u00e9e sur ce<\/p>\n","protected":false},"author":1,"featured_media":5434,"parent":0,"menu_order":0,"comment_status":"closed","ping_status":"closed","template":"","meta":{"footnotes":""},"class_list":["post-2183","page","type-page","status-publish","has-post-thumbnail","hentry"],"aioseo_notices":[],"_links":{"self":[{"href":"https:\/\/www.techno-bra.com\/index.php?rest_route=\/wp\/v2\/pages\/2183","targetHints":{"allow":["GET"]}}],"collection":[{"href":"https:\/\/www.techno-bra.com\/index.php?rest_route=\/wp\/v2\/pages"}],"about":[{"href":"https:\/\/www.techno-bra.com\/index.php?rest_route=\/wp\/v2\/types\/page"}],"author":[{"embeddable":true,"href":"https:\/\/www.techno-bra.com\/index.php?rest_route=\/wp\/v2\/users\/1"}],"replies":[{"embeddable":true,"href":"https:\/\/www.techno-bra.com\/index.php?rest_route=%2Fwp%2Fv2%2Fcomments&post=2183"}],"version-history":[{"count":7,"href":"https:\/\/www.techno-bra.com\/index.php?rest_route=\/wp\/v2\/pages\/2183\/revisions"}],"predecessor-version":[{"id":5521,"href":"https:\/\/www.techno-bra.com\/index.php?rest_route=\/wp\/v2\/pages\/2183\/revisions\/5521"}],"wp:featuredmedia":[{"embeddable":true,"href":"https:\/\/www.techno-bra.com\/index.php?rest_route=\/wp\/v2\/media\/5434"}],"wp:attachment":[{"href":"https:\/\/www.techno-bra.com\/index.php?rest_route=%2Fwp%2Fv2%2Fmedia&parent=2183"}],"curies":[{"name":"wp","href":"https:\/\/api.w.org\/{rel}","templated":true}]}}